{"id":8907,"date":"2025-04-10T16:31:38","date_gmt":"2025-04-10T14:31:38","guid":{"rendered":"https:\/\/royalcargo.hu\/air-transport\/"},"modified":"2025-08-10T14:45:10","modified_gmt":"2025-08-10T12:45:10","slug":"air-transport","status":"publish","type":"page","link":"https:\/\/royalcargo.hu\/en\/special-deliveries\/air-transport\/","title":{"rendered":"Air Transport"},"content":{"rendered":"\t\t<div data-elementor-type=\"wp-page\" data-elementor-id=\"8907\" class=\"elementor elementor-8907 elementor-8186\">\n\t\t\t\t\t\t<section class=\"elementor-section elementor-top-section elementor-element elementor-element-208624b qodef-elementor-content-grid elementor-section-full_width elementor-section-stretched elementor-section-height-default elementor-section-height-default\" data-id=\"208624b\" data-element_type=\"section\" data-settings=\"{&quot;stretch_section&quot;:&quot;section-stretched&quot;}\">\n\t\t\t\t\t\t<div class=\"elementor-container elementor-column-gap-default\">\n\t\t\t\t\t<div class=\"elementor-column elementor-col-100 elementor-top-column elementor-element elementor-element-dcce39a\" data-id=\"dcce39a\" data-element_type=\"column\">\n\t\t\t<div class=\"elementor-widget-wrap elementor-element-populated\">\n\t\t\t\t\t\t<div class=\"elementor-element elementor-element-7868064 elementor-widget-tablet__width-inherit elementor-widget elementor-widget-globefarer_core_section_title\" data-id=\"7868064\" data-element_type=\"widget\" data-widget_type=\"globefarer_core_section_title.default\">\n\t\t\t\t<div class=\"elementor-widget-container\">\n\t\t\t\t\t<div class=\"qodef-shortcode qodef-m  qodef-section-title qodef-alignment--left   qodef-appear-animation--no\">\n\t\t\t<h1 class=\"qodef-m-title\" style=\"color: #000000\">\n\t\t\t\t\tAir freight \u2013 worldwide coverage\t\t\t<\/h1>\n\t\t<\/div>\n\t\t\t\t<\/div>\n\t\t\t\t<\/div>\n\t\t\t\t\t<\/div>\n\t\t<\/div>\n\t\t\t\t\t<\/div>\n\t\t<\/section>\n\t\t\t\t<section class=\"elementor-section elementor-top-section elementor-element elementor-element-6aa6843 qodef-elementor-content-grid elementor-section-full_width elementor-section-stretched elementor-section-height-default elementor-section-height-default\" data-id=\"6aa6843\" data-element_type=\"section\" data-settings=\"{&quot;stretch_section&quot;:&quot;section-stretched&quot;}\">\n\t\t\t\t\t\t<div class=\"elementor-container elementor-column-gap-default\">\n\t\t\t\t\t<div class=\"elementor-column elementor-col-50 elementor-top-column elementor-element elementor-element-7782956\" data-id=\"7782956\" data-element_type=\"column\" data-settings=\"{&quot;background_background&quot;:&quot;classic&quot;}\">\n\t\t\t<div class=\"elementor-widget-wrap elementor-element-populated\">\n\t\t\t\t\t\t<div class=\"elementor-element elementor-element-21a55b2 elementor-widget elementor-widget-text-editor\" data-id=\"21a55b2\" data-element_type=\"widget\" data-widget_type=\"text-editor.default\">\n\t\t\t\t<div class=\"elementor-widget-container\">\n\t\t\t\t\t\t\t\t\t<p>Looking for a partner who truly understands the importance of deadlines?<\/p><p>Royal Cargo ensures timely delivery of your shipments with a reliable network and extensive experience.<\/p><h2>Why do we prefer air freight?<\/h2><div><ul><li>The fastest mode of transport<\/li><li>Ideal for urgent, perishable, or high-value goods<\/li><li>Minimal transit time \u2013 as little as 1\u20133 days worldwide<\/li><li>Continuous tracking (real-time tracking)<\/li><\/ul><\/div>\t\t\t\t\t\t\t\t<\/div>\n\t\t\t\t<\/div>\n\t\t\t\t\t<\/div>\n\t\t<\/div>\n\t\t\t\t<div class=\"elementor-column elementor-col-50 elementor-top-column elementor-element elementor-element-e9d3cd9\" data-id=\"e9d3cd9\" data-element_type=\"column\">\n\t\t\t<div class=\"elementor-widget-wrap elementor-element-populated\">\n\t\t\t\t\t\t<div class=\"elementor-element elementor-element-5b8185c elementor-widget__width-initial elementor-widget-tablet__width-inherit elementor-widget elementor-widget-globefarer_core_call_to_action\" data-id=\"5b8185c\" data-element_type=\"widget\" data-widget_type=\"globefarer_core_call_to_action.default\">\n\t\t\t\t<div class=\"elementor-widget-container\">\n\t\t\t\t\t<div class=\"qodef-shortcode qodef-m  qodef-call-to-action qodef-layout--standard qodef-appear-animation--yes\">\n\t<div class=\"qodef-m-content\">\n    <div class=\"qodef-m-content-mask\">\n        \t<h6 class=\"qodef-m-tagline\">\n\t\t24\/7 Customer Service\t<\/h6>\n\t<h3 class=\"qodef-m-title\">\n\t\tTrack your shipment \u2013 enter your tracking number\t<\/h3>\n    <\/div>\n<\/div>\n<div class=\"qodef-m-button-mask\">\n    \t<a class=\"qodef-shortcode qodef-m qodef-m-button qodef-button qodef-layout--filled  qodef-html--link\" href=\"#\" target=\"_self\"  >\t\t\t<span class=\"qodef-m-button-icon\"><svg class=\"qodef-svg--plus\" xmlns=\"http:\/\/www.w3.org\/2000\/svg\" xmlns:xlink=\"http:\/\/www.w3.org\/1999\/xlink\" width=\"14\" height=\"14\" viewBox=\"0 0 14 14\"><path class=\"qodef-m-horizontal\" d=\"M0,0H14V2H0Z\" transform=\"translate(0 6)\" \/><path class=\"qodef-m-vertical\" d=\"M0,0H2V14H0Z\" transform=\"translate(6)\" \/><\/svg><\/span>\t\t\t\t<span class=\"qodef-m-button-text\">Track Shipment<\/span>\t<\/a><\/div>\n<\/div>\n\t\t\t\t<\/div>\n\t\t\t\t<\/div>\n\t\t\t\t\t<\/div>\n\t\t<\/div>\n\t\t\t\t\t<\/div>\n\t\t<\/section>\n\t\t\t\t<section class=\"elementor-section elementor-top-section elementor-element elementor-element-33bb8e1 qodef-elementor-content-grid elementor-section-full_width elementor-section-stretched elementor-section-height-default elementor-section-height-default\" data-id=\"33bb8e1\" data-element_type=\"section\" data-settings=\"{&quot;stretch_section&quot;:&quot;section-stretched&quot;}\">\n\t\t\t\t\t\t<div class=\"elementor-container elementor-column-gap-default\">\n\t\t\t\t\t<div class=\"elementor-column elementor-col-50 elementor-top-column elementor-element elementor-element-ea84929\" data-id=\"ea84929\" data-element_type=\"column\">\n\t\t\t<div class=\"elementor-widget-wrap elementor-element-populated\">\n\t\t\t\t\t\t<div class=\"elementor-element elementor-element-c3fcbc2 elementor-widget elementor-widget-image\" data-id=\"c3fcbc2\" data-element_type=\"widget\" data-widget_type=\"image.default\">\n\t\t\t\t<div class=\"elementor-widget-container\">\n\t\t\t\t\t\t\t\t\t\t\t\t\t\t\t<img fetchpriority=\"high\" decoding=\"async\" width=\"939\" height=\"1024\" src=\"https:\/\/royalcargo.hu\/wp-content\/uploads\/2025\/06\/legi-szallitas-939x1024.jpg\" class=\"attachment-large size-large wp-image-8687\" alt=\"L\u00e9gi sz\u00e1ll\u00edt\u00e1s\" srcset=\"https:\/\/royalcargo.hu\/wp-content\/uploads\/2025\/06\/legi-szallitas-939x1024.jpg 939w, https:\/\/royalcargo.hu\/wp-content\/uploads\/2025\/06\/legi-szallitas-275x300.jpg 275w, https:\/\/royalcargo.hu\/wp-content\/uploads\/2025\/06\/legi-szallitas-768x837.jpg 768w, https:\/\/royalcargo.hu\/wp-content\/uploads\/2025\/06\/legi-szallitas.jpg 1100w\" sizes=\"(max-width: 939px) 100vw, 939px\" \/>\t\t\t\t\t\t\t\t\t\t\t\t\t\t\t<\/div>\n\t\t\t\t<\/div>\n\t\t\t\t\t<\/div>\n\t\t<\/div>\n\t\t\t\t<div class=\"elementor-column elementor-col-50 elementor-top-column elementor-element elementor-element-81804b3\" data-id=\"81804b3\" data-element_type=\"column\">\n\t\t\t<div class=\"elementor-widget-wrap elementor-element-populated\">\n\t\t\t\t\t\t<div class=\"elementor-element elementor-element-a3dd630 elementor-widget-tablet__width-inherit elementor-widget elementor-widget-globefarer_core_section_title\" data-id=\"a3dd630\" data-element_type=\"widget\" data-widget_type=\"globefarer_core_section_title.default\">\n\t\t\t\t<div class=\"elementor-widget-container\">\n\t\t\t\t\t<div class=\"qodef-shortcode qodef-m  qodef-section-title qodef-alignment--left   qodef-appear-animation--no\">\n\t\t\t<h2 class=\"qodef-m-title\" >\n\t\t\t\t\tProfessional air freight services\t\t\t<\/h2>\n\t\t<\/div>\n\t\t\t\t<\/div>\n\t\t\t\t<\/div>\n\t\t\t\t<div class=\"elementor-element elementor-element-4b37590 elementor-widget elementor-widget-text-editor\" data-id=\"4b37590\" data-element_type=\"widget\" data-widget_type=\"text-editor.default\">\n\t\t\t\t<div class=\"elementor-widget-container\">\n\t\t\t\t\t\t\t\t\t<h3>Welcome on board!<\/h3><ul><li>Export \/ Import air freight<\/li><li>Airport-to-Airport \/ Door-to-Door solutions<\/li><li>Customs clearance and document handling<\/li><li>Cargo inspection and security procedures<\/li><li>Consolidated cargo and express options<\/li><\/ul><h3>Special cargo and industry focus<\/h3><ul><li>Pharmaceutical products (GMP \/ GDP compliant shipping)<\/li><li>Electronics, high-value goods<\/li><li>Temperature-sensitive goods (e.g. delicate lab samples)<\/li><li>Dangerous goods (ADR \/ IATA compliance)<\/li><\/ul><h3>Network and coverage<\/h3><ul><li>140 partners in 50 countries (global reach)<\/li><li>Connections to several major international airports<\/li><li>BUD Airport \u2013 10 minutes from our warehouse<\/li><li>Strong ties with airlines<\/li><\/ul>\t\t\t\t\t\t\t\t<\/div>\n\t\t\t\t<\/div>\n\t\t\t\t\t<\/div>\n\t\t<\/div>\n\t\t\t\t\t<\/div>\n\t\t<\/section>\n\t\t\t\t<section class=\"elementor-section elementor-top-section elementor-element elementor-element-91ff2a3 elementor-section-full_width qodef-elementor-content-grid elementor-section-stretched elementor-section-height-default elementor-section-height-default\" data-id=\"91ff2a3\" data-element_type=\"section\" data-settings=\"{&quot;stretch_section&quot;:&quot;section-stretched&quot;}\">\n\t\t\t\t\t\t<div class=\"elementor-container elementor-column-gap-no\">\n\t\t\t\t\t<div class=\"elementor-column elementor-col-50 elementor-top-column elementor-element elementor-element-5e4332c\" data-id=\"5e4332c\" data-element_type=\"column\">\n\t\t\t<div class=\"elementor-widget-wrap elementor-element-populated\">\n\t\t\t\t\t\t<div class=\"elementor-element elementor-element-ed459d6 elementor-widget elementor-widget-globefarer_core_section_title\" data-id=\"ed459d6\" data-element_type=\"widget\" data-widget_type=\"globefarer_core_section_title.default\">\n\t\t\t\t<div class=\"elementor-widget-container\">\n\t\t\t\t\t<div class=\"qodef-shortcode qodef-m  qodef-section-title qodef-alignment--left   qodef-appear-animation--no\">\n\t\t\t<h2 class=\"qodef-m-title\" >\n\t\t\t\t\tGet in Touch with Us\t\t\t<\/h2>\n\t\t<p class=\"qodef-m-text\" style=\"margin-top: 27px\">Please feel free to contact us with any questions or quote requests \u2013 our team is ready to assist you!<\/p>\n\t<\/div>\n\t\t\t\t<\/div>\n\t\t\t\t<\/div>\n\t\t\t\t<div class=\"elementor-element elementor-element-335d098 elementor-widget__width-initial elementor-widget-mobile__width-inherit elementor-widget elementor-widget-globefarer_core_contact_info\" data-id=\"335d098\" data-element_type=\"widget\" data-widget_type=\"globefarer_core_contact_info.default\">\n\t\t\t\t<div class=\"elementor-widget-container\">\n\t\t\t\t\t<div class=\"qodef-shortcode qodef-m  qodef-contact-info qodef-layout--type-2 \">\n\t\t<div class=\"qodef-m-phone\">\n\t\t\t<h6 class=\"qodef-m-phone-tagline\">\n\t\tCustomer Service\t<\/h6>\n\t\t<h2 class=\"qodef-m-phone-item\">\t<a itemprop=\"telephone\" href=\"tel:+3616881899\">\n\t\t+36 1 688 1899\t<\/a>\n\t<\/h2>\t<\/div>\n<div class=\"qodef-m-address-email\">\n\t\t\t<div class=\"qodef-m-address\">\n\t\t\t\t<h6 class=\"qodef-m-address-tagline\">\n\t\tOur Office\t<\/h6>\n\t<h5 class=\"qodef-m-address-item\">\t<a href=\"https:\/\/maps.app.goo.gl\/5R4kQTmGjmanLT7cA\" target=\"_blank\" rel=\"noopener\">Tomori Street 34.<br>1138 Budapest, Hungary<\/a>\t<\/h5>\t\t<\/div>\n\t\t\t\t<div class=\"qodef-m-email\">\n\t\t\t\t<h6 class=\"qodef-m-email-tagline\">\n\t\tWrite to Us\t<\/h6>\n\t<h5 class=\"qodef-m-email-item\">\t<a itemprop=\"email\" href=\"mailto:info@royalcargo.hu\">\n\t\tinfo@royalcargo.hu\t<\/a>\n\t<\/h5>\t\t<\/div>\n\t<\/div>\n<\/div>\n\t\t\t\t<\/div>\n\t\t\t\t<\/div>\n\t\t\t\t\t<\/div>\n\t\t<\/div>\n\t\t\t\t<div class=\"elementor-column elementor-col-50 elementor-top-column elementor-element elementor-element-f1c655e\" data-id=\"f1c655e\" data-element_type=\"column\">\n\t\t\t<div class=\"elementor-widget-wrap elementor-element-populated\">\n\t\t\t\t\t\t<div class=\"elementor-element elementor-element-fafcd49 elementor-widget elementor-widget-wp-widget-globefarer_core_contact_form_7\" data-id=\"fafcd49\" data-element_type=\"widget\" data-widget_type=\"wp-widget-globefarer_core_contact_form_7.default\">\n\t\t\t\t<div class=\"elementor-widget-container\">\n\t\t\t\t\t\t\t\t<div class=\"qodef-contact-form-7\">\n\t\t\t\t\n<div class=\"wpcf7 no-js\" id=\"wpcf7-f9479-o1\" lang=\"en-US\" dir=\"ltr\" data-wpcf7-id=\"9479\">\n<div class=\"screen-reader-response\"><p role=\"status\" aria-live=\"polite\" aria-atomic=\"true\"><\/p> <ul><\/ul><\/div>\n<form action=\"\/en\/wp-json\/wp\/v2\/pages\/8907#wpcf7-f9479-o1\" method=\"post\" class=\"wpcf7-form init\" aria-label=\"Contact form\" novalidate=\"novalidate\" data-status=\"init\">\n<fieldset class=\"hidden-fields-container\"><input type=\"hidden\" name=\"_wpcf7\" value=\"9479\" \/><input type=\"hidden\" name=\"_wpcf7_version\" value=\"6.1\" \/><input type=\"hidden\" name=\"_wpcf7_locale\" value=\"en_US\" \/><input type=\"hidden\" name=\"_wpcf7_unit_tag\" value=\"wpcf7-f9479-o1\" \/><input type=\"hidden\" name=\"_wpcf7_container_post\" value=\"0\" \/><input type=\"hidden\" name=\"_wpcf7_posted_data_hash\" value=\"\" \/>\n<\/fieldset>\n<div class=\"qodef-m-input\">\n<div class=\"qodef-m-input-holder\"><label><span class=\"qodef-m-input-label\">Name<\/span><span class=\"wpcf7-form-control-wrap\" data-name=\"name\"><input size=\"40\" maxlength=\"400\" class=\"wpcf7-form-control wpcf7-text wpcf7-validates-as-required\" aria-required=\"true\" aria-invalid=\"false\" value=\"\" type=\"text\" name=\"name\" \/><\/span><\/label><\/div>\n<div class=\"qodef-m-input-holder\"><label><span class=\"qodef-m-input-label\">Your e-mail address<\/span><span class=\"wpcf7-form-control-wrap\" data-name=\"email\"><input size=\"40\" maxlength=\"400\" class=\"wpcf7-form-control wpcf7-text wpcf7-validates-as-required\" aria-required=\"true\" aria-invalid=\"false\" value=\"\" type=\"text\" name=\"email\" \/><\/span><\/label><\/div>\n<div class=\"qodef-m-input-holder\"><label><span class=\"qodef-m-input-label\">Message to<\/span><span class=\"wpcf7-form-control-wrap\" data-name=\"message\"><textarea cols=\"40\" rows=\"5\" maxlength=\"2000\" class=\"wpcf7-form-control wpcf7-textarea wpcf7-validates-as-required\" aria-required=\"true\" aria-invalid=\"false\" name=\"message\"><\/textarea><\/span><\/label><\/div>\n<div class=\"qodef-m-input-buttons\">\n<button class=\"wpcf7-form-control wpcf7-submit qodef-button qodef-size--normal qodef-layout--filled qodef-m\" type=\"submit\"><span class=\"qodef-m-button-icon\"><svg class=\"qodef-svg--plus\" xmlns=\"http:\/\/www.w3.org\/2000\/svg\" xmlns:xlink=\"http:\/\/www.w3.org\/1999\/xlink\" width=\"14\" height=\"14\" viewBox=\"0 0 14 14\"><path class=\"qodef-m-horizontal\" d=\"M0,0H14V2H0Z\" transform=\"translate(0 6)\" \/><path class=\"qodef-m-vertical\" d=\"M0,0H2V14H0Z\" transform=\"translate(6)\" \/><\/svg><\/span><span class=\"qodef-m-button-text\">Send to<\/span><\/button><\/div>\n<\/div><div class=\"wpcf7-response-output\" aria-hidden=\"true\"><\/div>\n<\/form>\n<\/div>\n\t\t\t<\/div>\n\t\t\t\t\t\t\t<\/div>\n\t\t\t\t<\/div>\n\t\t\t\t\t<\/div>\n\t\t<\/div>\n\t\t\t\t\t<\/div>\n\t\t<\/section>\n\t\t\t\t<\/div>\n\t\t","protected":false},"excerpt":{"rendered":"<p>Air freight \u2013 worldwide coverage Looking for a partner who truly understands the importance of deadlines? Royal Cargo ensures timely delivery of your shipments with a reliable network and extensive experience. Why do we prefer air freight? The fastest mode of transport Ideal for urgent, perishable, or high-value goods Minimal transit time \u2013 as little [&hellip;]<\/p>\n","protected":false},"author":1,"featured_media":0,"parent":9367,"menu_order":0,"comment_status":"closed","ping_status":"closed","template":"","meta":{"footnotes":""},"class_list":["post-8907","page","type-page","status-publish","hentry"],"yoast_head":"<!-- This site is optimized with the Yoast SEO Premium plugin v25.8 (Yoast SEO v25.8) - https:\/\/yoast.com\/wordpress\/plugins\/seo\/ -->\n<title>Air Transport - Royal Cargo<\/title>\n<meta name=\"robots\" content=\"index, follow, max-snippet:-1, max-image-preview:large, max-video-preview:-1\" \/>\n<link rel=\"canonical\" href=\"https:\/\/royalcargo.hu\/en\/special-deliveries\/air-transport\/\" \/>\n<meta property=\"og:locale\" content=\"en_US\" \/>\n<meta property=\"og:type\" content=\"article\" \/>\n<meta property=\"og:title\" content=\"Air Transport\" \/>\n<meta property=\"og:description\" content=\"Air freight \u2013 worldwide coverage Looking for a partner who truly understands the importance of deadlines? Royal Cargo ensures timely delivery of your shipments with a reliable network and extensive experience. Why do we prefer air freight? The fastest mode of transport Ideal for urgent, perishable, or high-value goods Minimal transit time \u2013 as little [&hellip;]\" \/>\n<meta property=\"og:url\" content=\"https:\/\/royalcargo.hu\/en\/special-deliveries\/air-transport\/\" \/>\n<meta property=\"og:site_name\" content=\"Royal Cargo\" \/>\n<meta property=\"article:publisher\" content=\"https:\/\/www.facebook.com\/RoyalCargoHungary\" \/>\n<meta property=\"article:modified_time\" content=\"2025-08-10T12:45:10+00:00\" \/>\n<meta property=\"og:image\" content=\"https:\/\/royalcargo.hu\/wp-content\/uploads\/2025\/06\/legi-szallitas.jpg\" \/>\n\t<meta property=\"og:image:width\" content=\"1100\" \/>\n\t<meta property=\"og:image:height\" content=\"1199\" \/>\n\t<meta property=\"og:image:type\" content=\"image\/jpeg\" \/>\n<meta name=\"twitter:card\" content=\"summary_large_image\" \/>\n<meta name=\"twitter:label1\" content=\"Est. reading time\" \/>\n\t<meta name=\"twitter:data1\" content=\"1 minute\" \/>\n<script type=\"application\/ld+json\" class=\"yoast-schema-graph\">{\"@context\":\"https:\/\/schema.org\",\"@graph\":[{\"@type\":\"WebPage\",\"@id\":\"https:\/\/royalcargo.hu\/en\/special-deliveries\/air-transport\/\",\"url\":\"https:\/\/royalcargo.hu\/en\/special-deliveries\/air-transport\/\",\"name\":\"Air Transport - Royal Cargo\",\"isPartOf\":{\"@id\":\"https:\/\/royalcargo.hu\/en\/#website\"},\"primaryImageOfPage\":{\"@id\":\"https:\/\/royalcargo.hu\/en\/special-deliveries\/air-transport\/#primaryimage\"},\"image\":{\"@id\":\"https:\/\/royalcargo.hu\/en\/special-deliveries\/air-transport\/#primaryimage\"},\"thumbnailUrl\":\"https:\/\/royalcargo.hu\/wp-content\/uploads\/2025\/06\/legi-szallitas-939x1024.jpg\",\"datePublished\":\"2025-04-10T14:31:38+00:00\",\"dateModified\":\"2025-08-10T12:45:10+00:00\",\"breadcrumb\":{\"@id\":\"https:\/\/royalcargo.hu\/en\/special-deliveries\/air-transport\/#breadcrumb\"},\"inLanguage\":\"en-US\",\"potentialAction\":[{\"@type\":\"ReadAction\",\"target\":[\"https:\/\/royalcargo.hu\/en\/special-deliveries\/air-transport\/\"]}]},{\"@type\":\"ImageObject\",\"inLanguage\":\"en-US\",\"@id\":\"https:\/\/royalcargo.hu\/en\/special-deliveries\/air-transport\/#primaryimage\",\"url\":\"https:\/\/royalcargo.hu\/wp-content\/uploads\/2025\/06\/legi-szallitas-939x1024.jpg\",\"contentUrl\":\"https:\/\/royalcargo.hu\/wp-content\/uploads\/2025\/06\/legi-szallitas-939x1024.jpg\"},{\"@type\":\"BreadcrumbList\",\"@id\":\"https:\/\/royalcargo.hu\/en\/special-deliveries\/air-transport\/#breadcrumb\",\"itemListElement\":[{\"@type\":\"ListItem\",\"position\":1,\"name\":\"Kezd\u0151lap\",\"item\":\"https:\/\/royalcargo.hu\/en\/\"},{\"@type\":\"ListItem\",\"position\":2,\"name\":\"Special deliveries\",\"item\":\"https:\/\/royalcargo.hu\/en\/special-deliveries\/\"},{\"@type\":\"ListItem\",\"position\":3,\"name\":\"Air Transport\"}]},{\"@type\":\"WebSite\",\"@id\":\"https:\/\/royalcargo.hu\/en\/#website\",\"url\":\"https:\/\/royalcargo.hu\/en\/\",\"name\":\"Royalcargo\",\"description\":\"Royal Cargo - Pr\u00e9mium Logisztika\",\"publisher\":{\"@id\":\"https:\/\/royalcargo.hu\/en\/#organization\"},\"potentialAction\":[{\"@type\":\"SearchAction\",\"target\":{\"@type\":\"EntryPoint\",\"urlTemplate\":\"https:\/\/royalcargo.hu\/en\/?s={search_term_string}\"},\"query-input\":{\"@type\":\"PropertyValueSpecification\",\"valueRequired\":true,\"valueName\":\"search_term_string\"}}],\"inLanguage\":\"en-US\"},{\"@type\":\"Organization\",\"@id\":\"https:\/\/royalcargo.hu\/en\/#organization\",\"name\":\"Royalcargo\",\"url\":\"https:\/\/royalcargo.hu\/en\/\",\"logo\":{\"@type\":\"ImageObject\",\"inLanguage\":\"en-US\",\"@id\":\"https:\/\/royalcargo.hu\/en\/#\/schema\/logo\/image\/\",\"url\":\"https:\/\/royalcargo.hu\/wp-content\/uploads\/2025\/04\/royal-cargo-logo_s.png\",\"contentUrl\":\"https:\/\/royalcargo.hu\/wp-content\/uploads\/2025\/04\/royal-cargo-logo_s.png\",\"width\":250,\"height\":106,\"caption\":\"Royalcargo\"},\"image\":{\"@id\":\"https:\/\/royalcargo.hu\/en\/#\/schema\/logo\/image\/\"},\"sameAs\":[\"https:\/\/www.facebook.com\/RoyalCargoHungary\",\"https:\/\/www.instagram.com\/royal_cargo_hungary\/\"]}]}<\/script>\n<!-- \/ Yoast SEO Premium plugin. -->","yoast_head_json":{"title":"Air Transport - Royal Cargo","robots":{"index":"index","follow":"follow","max-snippet":"max-snippet:-1","max-image-preview":"max-image-preview:large","max-video-preview":"max-video-preview:-1"},"canonical":"https:\/\/royalcargo.hu\/en\/special-deliveries\/air-transport\/","og_locale":"en_US","og_type":"article","og_title":"Air Transport","og_description":"Air freight \u2013 worldwide coverage Looking for a partner who truly understands the importance of deadlines? Royal Cargo ensures timely delivery of your shipments with a reliable network and extensive experience. Why do we prefer air freight? The fastest mode of transport Ideal for urgent, perishable, or high-value goods Minimal transit time \u2013 as little [&hellip;]","og_url":"https:\/\/royalcargo.hu\/en\/special-deliveries\/air-transport\/","og_site_name":"Royal Cargo","article_publisher":"https:\/\/www.facebook.com\/RoyalCargoHungary","article_modified_time":"2025-08-10T12:45:10+00:00","og_image":[{"width":1100,"height":1199,"url":"https:\/\/royalcargo.hu\/wp-content\/uploads\/2025\/06\/legi-szallitas.jpg","type":"image\/jpeg"}],"twitter_card":"summary_large_image","twitter_misc":{"Est. reading time":"1 minute"},"schema":{"@context":"https:\/\/schema.org","@graph":[{"@type":"WebPage","@id":"https:\/\/royalcargo.hu\/en\/special-deliveries\/air-transport\/","url":"https:\/\/royalcargo.hu\/en\/special-deliveries\/air-transport\/","name":"Air Transport - Royal Cargo","isPartOf":{"@id":"https:\/\/royalcargo.hu\/en\/#website"},"primaryImageOfPage":{"@id":"https:\/\/royalcargo.hu\/en\/special-deliveries\/air-transport\/#primaryimage"},"image":{"@id":"https:\/\/royalcargo.hu\/en\/special-deliveries\/air-transport\/#primaryimage"},"thumbnailUrl":"https:\/\/royalcargo.hu\/wp-content\/uploads\/2025\/06\/legi-szallitas-939x1024.jpg","datePublished":"2025-04-10T14:31:38+00:00","dateModified":"2025-08-10T12:45:10+00:00","breadcrumb":{"@id":"https:\/\/royalcargo.hu\/en\/special-deliveries\/air-transport\/#breadcrumb"},"inLanguage":"en-US","potentialAction":[{"@type":"ReadAction","target":["https:\/\/royalcargo.hu\/en\/special-deliveries\/air-transport\/"]}]},{"@type":"ImageObject","inLanguage":"en-US","@id":"https:\/\/royalcargo.hu\/en\/special-deliveries\/air-transport\/#primaryimage","url":"https:\/\/royalcargo.hu\/wp-content\/uploads\/2025\/06\/legi-szallitas-939x1024.jpg","contentUrl":"https:\/\/royalcargo.hu\/wp-content\/uploads\/2025\/06\/legi-szallitas-939x1024.jpg"},{"@type":"BreadcrumbList","@id":"https:\/\/royalcargo.hu\/en\/special-deliveries\/air-transport\/#breadcrumb","itemListElement":[{"@type":"ListItem","position":1,"name":"Kezd\u0151lap","item":"https:\/\/royalcargo.hu\/en\/"},{"@type":"ListItem","position":2,"name":"Special deliveries","item":"https:\/\/royalcargo.hu\/en\/special-deliveries\/"},{"@type":"ListItem","position":3,"name":"Air Transport"}]},{"@type":"WebSite","@id":"https:\/\/royalcargo.hu\/en\/#website","url":"https:\/\/royalcargo.hu\/en\/","name":"Royalcargo","description":"Royal Cargo - Pr\u00e9mium Logisztika","publisher":{"@id":"https:\/\/royalcargo.hu\/en\/#organization"},"potentialAction":[{"@type":"SearchAction","target":{"@type":"EntryPoint","urlTemplate":"https:\/\/royalcargo.hu\/en\/?s={search_term_string}"},"query-input":{"@type":"PropertyValueSpecification","valueRequired":true,"valueName":"search_term_string"}}],"inLanguage":"en-US"},{"@type":"Organization","@id":"https:\/\/royalcargo.hu\/en\/#organization","name":"Royalcargo","url":"https:\/\/royalcargo.hu\/en\/","logo":{"@type":"ImageObject","inLanguage":"en-US","@id":"https:\/\/royalcargo.hu\/en\/#\/schema\/logo\/image\/","url":"https:\/\/royalcargo.hu\/wp-content\/uploads\/2025\/04\/royal-cargo-logo_s.png","contentUrl":"https:\/\/royalcargo.hu\/wp-content\/uploads\/2025\/04\/royal-cargo-logo_s.png","width":250,"height":106,"caption":"Royalcargo"},"image":{"@id":"https:\/\/royalcargo.hu\/en\/#\/schema\/logo\/image\/"},"sameAs":["https:\/\/www.facebook.com\/RoyalCargoHungary","https:\/\/www.instagram.com\/royal_cargo_hungary\/"]}]}},"_links":{"self":[{"href":"https:\/\/royalcargo.hu\/en\/wp-json\/wp\/v2\/pages\/8907","targetHints":{"allow":["GET"]}}],"collection":[{"href":"https:\/\/royalcargo.hu\/en\/wp-json\/wp\/v2\/pages"}],"about":[{"href":"https:\/\/royalcargo.hu\/en\/wp-json\/wp\/v2\/types\/page"}],"author":[{"embeddable":true,"href":"https:\/\/royalcargo.hu\/en\/wp-json\/wp\/v2\/users\/1"}],"replies":[{"embeddable":true,"href":"https:\/\/royalcargo.hu\/en\/wp-json\/wp\/v2\/comments?post=8907"}],"version-history":[{"count":11,"href":"https:\/\/royalcargo.hu\/en\/wp-json\/wp\/v2\/pages\/8907\/revisions"}],"predecessor-version":[{"id":9653,"href":"https:\/\/royalcargo.hu\/en\/wp-json\/wp\/v2\/pages\/8907\/revisions\/9653"}],"up":[{"embeddable":true,"href":"https:\/\/royalcargo.hu\/en\/wp-json\/wp\/v2\/pages\/9367"}],"wp:attachment":[{"href":"https:\/\/royalcargo.hu\/en\/wp-json\/wp\/v2\/media?parent=8907"}],"curies":[{"name":"wp","href":"https:\/\/api.w.org\/{rel}","templated":true}]}}